{"id":2000,"date":"2019-11-21T15:46:13","date_gmt":"2019-11-21T14:46:13","guid":{"rendered":"http:\/\/sites.les.univr.it\/fashion\/?page_id=2000"},"modified":"2022-01-10T10:22:36","modified_gmt":"2022-01-10T09:22:36","slug":"winter-school-diritto-e-moda","status":"publish","type":"page","link":"https:\/\/sites.les.univr.it\/fashion\/index.php\/winter-school-diritto-e-moda\/","title":{"rendered":"Winter School &#8220;Diritto e Moda&#8221;"},"content":{"rendered":"<p>[vc_row][vc_column][vc_column_text]<\/p>\n<p style=\"text-align: center;\"><span style=\"font-size: 18pt; color: #993366;\"><strong>Seconda edizione della Winter School &#8220;Diritto e Moda&#8221;\u00a0 \u00a0<\/strong><\/span><span style=\"font-size: 18pt; color: #993366;\"><strong>20-21, 27-28 gennaio 2022<\/strong><\/span><\/p>\n<p>[\/vc_column_text][\/vc_column][\/vc_row][vc_row][vc_column][vc_column_text]<\/p>\n<blockquote><p><em>L&#8217;iniziativa rientra tra le attivit\u00e0 del <b>Laboratorio di didattica innovativa &#8220;Tha Fashion LAB&#8221;<\/b><\/em><\/p><\/blockquote>\n<p>[\/vc_column_text][\/vc_column][\/vc_row][vc_row][vc_column width=&#8221;1\/2&#8243;][vc_column_text]<\/p>\n<p align=\"justify\">La Winter School &#8220;Diritto e Moda&#8221; \u00e8 un corso formativo intensivo su profili giuridici di rilievo per l&#8217;industria della moda, finalizzato a combinare lo studio del diritto con le specificit\u00e0 proprie del settore e del contesto economico-sociale in cui esso si inserisce. I temi selezionati saranno trattati secondo una prospettiva interdisciplinare, e saranno previsti anche momenti di approfondimento pratico-applicativo.<\/p>\n<p align=\"justify\"><strong>QUANDO<\/strong>: gioved\u00ec 20 gennaio 2022, ore 14:00 &#8211; 18:00 | venerd\u00ec 21 gennaio 2022, ore 14:00 &#8211; 18:00 | gioved\u00ec 27 gennaio 2022, ore 14:00 &#8211; 18:00 | venerd\u00ec 28 gennaio 2022, ore 14:00 &#8211; 18:00.<\/p>\n<p align=\"justify\"><strong>DOVE<\/strong>: piattaforma <strong>Zoom<\/strong>.<\/p>\n<p align=\"justify\"><strong>A CHI<\/strong>: il corso \u00e8 rivolto a <strong>professionisti<\/strong> e <strong>operatori del settore<\/strong> della moda.<\/p>\n<p align=\"justify\"><strong>ISCRIZIONI<\/strong>: online <strong>entro il 19 gennaio 2022<\/strong>, tramite il modulo reperibile a questo <span style=\"color: #993366;\"><strong><a style=\"color: #993366;\" href=\"https:\/\/univr.zoom.us\/meeting\/register\/tZ0vfuuhpzssHd2CPbsU2ctBtM3eRJsQ_2Fa\">link<\/a><\/strong><\/span>. Si ricever\u00e0 via mail il link personale di accesso a Zoom, valido per tutti i seminari del corso.<\/p>\n<p align=\"justify\"><strong>ACCREDITAMENTI<\/strong>: \u00e8 stato <strong>richiesto l&#8217;accreditamento presso il Consiglio Nazionale Forense<\/strong> ai fini della formazione continua degli avvocati.<\/p>\n<p align=\"justify\">La partecipazione al corso \u00e8 <strong>gratuita<\/strong>.<\/p>\n<p>[\/vc_column_text][\/vc_column][vc_column width=&#8221;1\/2&#8243;][vc_column_text]<a href=\"https:\/\/sites.les.univr.it\/fashion\/wp-content\/uploads\/UNIVR_Winter-School-Diritto-e-Moda-2022_locandina.pdf\"><img loading=\"lazy\" decoding=\"async\" class=\"alignright wp-image-2339\" src=\"https:\/\/sites.les.univr.it\/fashion\/wp-content\/uploads\/UNIVR_Winter-School-Diritto-e-Moda-2022_locandina-225x300.jpg\" alt=\"\" width=\"437\" height=\"583\" srcset=\"https:\/\/sites.les.univr.it\/fashion\/wp-content\/uploads\/UNIVR_Winter-School-Diritto-e-Moda-2022_locandina-225x300.jpg 225w, https:\/\/sites.les.univr.it\/fashion\/wp-content\/uploads\/UNIVR_Winter-School-Diritto-e-Moda-2022_locandina-768x1024.jpg 768w, https:\/\/sites.les.univr.it\/fashion\/wp-content\/uploads\/UNIVR_Winter-School-Diritto-e-Moda-2022_locandina-1152x1536.jpg 1152w, https:\/\/sites.les.univr.it\/fashion\/wp-content\/uploads\/UNIVR_Winter-School-Diritto-e-Moda-2022_locandina-1536x2048.jpg 1536w, https:\/\/sites.les.univr.it\/fashion\/wp-content\/uploads\/UNIVR_Winter-School-Diritto-e-Moda-2022_locandina-scaled.jpg 1920w\" sizes=\"auto, (max-width: 437px) 100vw, 437px\" \/><\/a>[\/vc_column_text][\/vc_column][\/vc_row][vc_row][vc_column][vc_empty_space height=&#8221;64px&#8221;]<div class=\"section-title  text-center\" ><h4>Programma<\/h4> <\/div>[vc_tta_tabs color=&#8221;purple&#8221; active_section=&#8221;1&#8243;][vc_tta_section title=&#8221;Gioved\u00ec 20 gennaio 2022&#8243; tab_id=&#8221;1575111293549-3ff8a7aa-106e&#8221;][vc_column_text]14:00 \u2013 16:00<\/p>\n<p>Avv. Giovanni CASUCCI (EY), <i>Tutela della propriet\u00e0 intellettuale<\/i><\/p>\n<p>&nbsp;<\/p>\n<p>16:00 \u2013 18:00<\/p>\n<p>Prof.ssa Caterina FRATEA, dott.ssa Diletta DANIELI (UNIVR), <i>Il settore della moda nella giurisprudenza della CG<\/i>[\/vc_column_text][\/vc_tta_section][vc_tta_section title=&#8221;Venerd\u00ec 21 gennaio 2022&#8243; tab_id=&#8221;1575111368196-d1158abc-5218&#8243;][vc_column_text]14:00 \u2013 16:00<\/p>\n<p>Prof. Roberto FLOR (UNIVR), <i>Contraffazione e tutela penale<\/i><\/p>\n<p>&nbsp;<\/p>\n<p>16:00 \u2013 18:00<\/p>\n<p>Avv. Fabio AMBROSIANI (Fieldfisher), <i>Aspetti contrattuali<\/i>[\/vc_column_text][\/vc_tta_section][vc_tta_section title=&#8221;Gioved\u00ec 27 gennaio 2022&#8243; tab_id=&#8221;1575111392173-0a526616-83e0&#8243;][vc_column_text]14:00 \u2013 16:00<\/p>\n<p>Prof.ssa Elisa ARRIGO (UNIMIB), <i>Supply <\/i><i>chain<\/i><i> management<\/i><\/p>\n<p>&nbsp;<\/p>\n<p>16:00 \u2013 18:00<\/p>\n<p>Prof.ssa Chiara TINCANI (UNIVR), <i>L\u2019attivit\u00e0 logistica<\/i>[\/vc_column_text][\/vc_tta_section][vc_tta_section title=&#8221;Venerd\u00ec 28 gennaio 2022&#8243; tab_id=&#8221;1641805744886-c978e792-8cce&#8221;][vc_column_text]14:00 \u2013 16:00<\/p>\n<p>Dott.ssa Silvia GIANI (Corte d\u2019appello di Milano), <i>Concorrenza<\/i><\/p>\n<p>&nbsp;<\/p>\n<p>16:00 \u2013 18:00<\/p>\n<p>Prof.ssa Anna Lucia VALVO (UNICT), <i>Politiche europee<\/i>[\/vc_column_text][\/vc_tta_section][\/vc_tta_tabs][\/vc_column][\/vc_row][vc_row][vc_column][vc_empty_space height=&#8221;64px&#8221;][\/vc_column][\/vc_row][vc_row][vc_column][vc_separator color=&#8221;black&#8221; border_width=&#8221;4&#8243;][\/vc_column][\/vc_row][vc_row][vc_column][vc_empty_space height=&#8221;64px&#8221;][\/vc_column][\/vc_row][vc_row][vc_column][vc_column_text]<\/p>\n<p style=\"text-align: center;\"><span style=\"font-size: 18pt; color: #993366;\"><strong>Prima edizione della Winter School &#8220;Diritto e Moda&#8221;\u00a0 \u00a0<\/strong><\/span><span style=\"font-size: 18pt; color: #993366;\"><strong>23 &#8211; 25 gennaio 2020<\/strong><\/span><\/p>\n<p>[\/vc_column_text][\/vc_column][\/vc_row][vc_row][vc_column][vc_column_text]<\/p>\n<blockquote><p><em>L&#8217;iniziativa rientra tra le attivit\u00e0 del <strong><a href=\"https:\/\/www.dsg.univr.it\/?ent=bibliocr&amp;id=325&amp;tipobc=6\">Centro di Eccellenza per la Ricerca su Diritto, Tecnologie e Cambiamenti (IUSTeC)<\/a>\u00a0<\/strong><\/em><\/p><\/blockquote>\n<p>[\/vc_column_text][\/vc_column][\/vc_row][vc_row][vc_column width=&#8221;1\/2&#8243;][vc_column_text]<\/p>\n<p align=\"justify\">La Winter School &#8220;Diritto e Moda&#8221; \u00e8 un corso formativo intensivo su profili giuridici di rilievo per l&#8217;industria della moda, finalizzato a combinare lo studio del diritto con le specificit\u00e0 proprie del settore e del contesto economico-sociale in cui esso si inserisce. I temi selezionati saranno trattati secondo una prospettiva interdisciplinare, e saranno previsti anche momenti di approfondimento pratico-applicativo.<\/p>\n<p align=\"justify\"><strong>QUANDO<\/strong>: gioved\u00ec 23 gennaio 2020, ore 14:00 &#8211; 18:00 | venerd\u00ec 24 gennaio 2020, ore 9:00 &#8211; 13:00 e 14:00 &#8211; 18:00 | sabato 25 gennaio 2020, ore 9:00 &#8211; 13:00.<\/p>\n<p align=\"justify\"><strong>DOVE<\/strong>: Universit\u00e0 di Verona, Dipartimento di Scienze giuridiche, Via Carlo Montanari, 9 &#8211; 37122 Verona.<\/p>\n<p align=\"justify\"><strong>A CHI<\/strong>: il corso \u00e8 rivolto a <strong>professionisti<\/strong> e <strong>operatori del settore<\/strong> della moda.<\/p>\n<p align=\"justify\"><strong>ISCRIZIONI<\/strong>: online <strong>entro il 20 gennaio 2020<\/strong>, tramite il modulo reperibile a questo <span style=\"color: #993366;\"><strong><a style=\"color: #993366;\" href=\"https:\/\/survey.univr.it\/index.php\/827953?lang=it\">link<\/a><\/strong><\/span>.<\/p>\n<p align=\"justify\"><strong>ACCREDITAMENTI<\/strong>: iniziativa accreditata dall\u2019Ordine degli Avvocati di Verona per n. <b>8 crediti formativi<\/b> in materia multidisciplinare per la partecipazione ad <b>almeno l\u201980%<\/b> del corso.<\/p>\n<p align=\"justify\">La partecipazione al corso \u00e8 <strong>gratuita<\/strong>.<\/p>\n<p>[\/vc_column_text][\/vc_column][vc_column width=&#8221;1\/2&#8243;][vc_column_text]<a href=\"https:\/\/sites.les.univr.it\/fashion\/wp-content\/uploads\/Locandina-Winter-School_DEF.pdf\"><img loading=\"lazy\" decoding=\"async\" class=\"alignright wp-image-2045 \" src=\"https:\/\/sites.les.univr.it\/fashion\/wp-content\/uploads\/Locandina-Winter-School_DEF-1-225x300.jpg\" alt=\"\" width=\"437\" height=\"583\" srcset=\"https:\/\/sites.les.univr.it\/fashion\/wp-content\/uploads\/Locandina-Winter-School_DEF-1-225x300.jpg 225w, https:\/\/sites.les.univr.it\/fashion\/wp-content\/uploads\/Locandina-Winter-School_DEF-1-768x1024.jpg 768w, https:\/\/sites.les.univr.it\/fashion\/wp-content\/uploads\/Locandina-Winter-School_DEF-1-600x800.jpg 600w, https:\/\/sites.les.univr.it\/fashion\/wp-content\/uploads\/Locandina-Winter-School_DEF-1.jpg 1575w\" sizes=\"auto, (max-width: 437px) 100vw, 437px\" \/><\/a>[\/vc_column_text][\/vc_column][\/vc_row][vc_row][vc_column][vc_empty_space height=&#8221;64px&#8221;]<div class=\"section-title  text-center\" ><h4>Programma<\/h4> <\/div>[vc_tta_tabs color=&#8221;purple&#8221; active_section=&#8221;1&#8243;][vc_tta_section title=&#8221;Gioved\u00ec 23 gennaio 2020&#8243; tab_id=&#8221;1641805671671-f4f0573d-1deb&#8221;][vc_column_text]14:00 \u2013 16:00<\/p>\n<p>Avv. Giovanni CASUCCI (Dentons), <i>Tutela della propriet\u00e0 intellettuale<\/i><\/p>\n<p>&nbsp;<\/p>\n<p>16:00 \u2013 18:00<\/p>\n<p>Prof. Fabio BASSAN (UNIROMA3), <i>Evoluzione digitale e il potere dell&#8217;algoritmo: opportunit\u00e0 e sfide<\/i>[\/vc_column_text][\/vc_tta_section][vc_tta_section title=&#8221;Venerd\u00ec 24 gennaio 2020&#8243; tab_id=&#8221;1641805671716-3eb5ec54-42e8&#8243;][vc_column_text]9:00 \u2013 11:00<\/p>\n<p>Prof.ssa Chiara TINCANI (UNIVR) &#8211; Dott. Matteo MODENESE (societ\u00e0 Mr Job), <i>L&#8217;attivit\u00e0 logistica<br \/>\n<\/i><\/p>\n<p>&nbsp;<\/p>\n<p>11:00 \u2013 13:00<\/p>\n<p>Prof.ssa Elisa ARRIGO (UNIMIB), <i>Supply chain management<\/i><\/p>\n<p>&nbsp;<\/p>\n<p><i>13:00 \u2013 14:00 Lunch Break<\/i><\/p>\n<p>&nbsp;<\/p>\n<p>14:00 \u2013 16:00<\/p>\n<p>Avv. Fabio AMBROSIANI (Fieldfisher), <i>Aspetti contrattuali<\/i><\/p>\n<p>&nbsp;<\/p>\n<p>16:00 \u2013 18:00<\/p>\n<p>Dott. Samuel MARINELLI (PwC), <i>Transfer pricing e consulenza fiscale<\/i>[\/vc_column_text][\/vc_tta_section][vc_tta_section title=&#8221;Sabato 25 gennaio 2020&#8243; tab_id=&#8221;1641805671745-531856e7-ddde&#8221;][vc_column_text]9:00 \u2013 11:00<\/p>\n<p>Prof. Roberto FLOR (UNIVR), <i>Contraffazione e tutela penale<\/i><\/p>\n<p>&nbsp;<\/p>\n<p>11:00 \u2013 13:00<\/p>\n<p>Prof.ssa Caterina FRATEA (UNIVR), <i>Concorrenza e regole antitrust<\/i>[\/vc_column_text][\/vc_tta_section][\/vc_tta_tabs][\/vc_column][\/vc_row][vc_row][vc_column][vc_empty_space height=&#8221;64px&#8221;][vc_gallery type=&#8221;image_grid&#8221; images=&#8221;1302,1269,1303,1312&#8243; title=&#8221;Photogallery&#8221;][\/vc_column][\/vc_row]<\/p>\n","protected":false},"excerpt":{"rendered":"<p>[vc_row][vc_column][vc_column_text] Seconda edizione della Winter School &#8220;Diritto e Moda&#8221;\u00a0 \u00a020-21, 27-28 gennaio 2022 [\/vc_column_text][\/vc_column][\/vc_row][vc_row][vc_column][vc_column_text] L&#8217;iniziativa rientra tra le attivit\u00e0 del Laboratorio di didattica innovativa &#8220;Tha Fashion LAB&#8221; [\/vc_column_text][\/vc_column][\/vc_row][vc_row][vc_column width=&#8221;1\/2&#8243;][vc_column_text] La&hellip;<\/p>\n","protected":false},"author":4,"featured_media":0,"parent":0,"menu_order":0,"comment_status":"closed","ping_status":"closed","template":"","meta":{"footnotes":""},"class_list":["post-2000","page","type-page","status-publish","hentry"],"_links":{"self":[{"href":"https:\/\/sites.les.univr.it\/fashion\/index.php\/wp-json\/wp\/v2\/pages\/2000","targetHints":{"allow":["GET"]}}],"collection":[{"href":"https:\/\/sites.les.univr.it\/fashion\/index.php\/wp-json\/wp\/v2\/pages"}],"about":[{"href":"https:\/\/sites.les.univr.it\/fashion\/index.php\/wp-json\/wp\/v2\/types\/page"}],"author":[{"embeddable":true,"href":"https:\/\/sites.les.univr.it\/fashion\/index.php\/wp-json\/wp\/v2\/users\/4"}],"replies":[{"embeddable":true,"href":"https:\/\/sites.les.univr.it\/fashion\/index.php\/wp-json\/wp\/v2\/comments?post=2000"}],"version-history":[{"count":13,"href":"https:\/\/sites.les.univr.it\/fashion\/index.php\/wp-json\/wp\/v2\/pages\/2000\/revisions"}],"predecessor-version":[{"id":2341,"href":"https:\/\/sites.les.univr.it\/fashion\/index.php\/wp-json\/wp\/v2\/pages\/2000\/revisions\/2341"}],"wp:attachment":[{"href":"https:\/\/sites.les.univr.it\/fashion\/index.php\/wp-json\/wp\/v2\/media?parent=2000"}],"curies":[{"name":"wp","href":"https:\/\/api.w.org\/{rel}","templated":true}]}}