{"id":1885,"date":"2019-07-28T16:30:16","date_gmt":"2019-07-28T15:30:16","guid":{"rendered":"http:\/\/sites.les.univr.it\/fashion\/?page_id=1885"},"modified":"2023-09-06T09:15:12","modified_gmt":"2023-09-06T08:15:12","slug":"the-fashion-hub","status":"publish","type":"page","link":"https:\/\/sites.les.univr.it\/fashion\/index.php\/lab-hub\/the-fashion-hub\/","title":{"rendered":"The Fashion HUB"},"content":{"rendered":"<p>[vc_row][vc_column][vc_column_text]<\/p>\n<p style=\"text-align: center;\"><img loading=\"lazy\" decoding=\"async\" class=\"alignnone size-medium wp-image-1931 aligncenter\" src=\"https:\/\/sites.les.univr.it\/fashion\/wp-content\/uploads\/button-hub-295x300.png\" alt=\"\" width=\"295\" height=\"300\" srcset=\"https:\/\/sites.les.univr.it\/fashion\/wp-content\/uploads\/button-hub-295x300.png 295w, https:\/\/sites.les.univr.it\/fashion\/wp-content\/uploads\/button-hub-600x611.png 600w, https:\/\/sites.les.univr.it\/fashion\/wp-content\/uploads\/button-hub-60x60.png 60w, https:\/\/sites.les.univr.it\/fashion\/wp-content\/uploads\/button-hub-75x75.png 75w, https:\/\/sites.les.univr.it\/fashion\/wp-content\/uploads\/button-hub.png 707w\" sizes=\"auto, (max-width: 295px) 100vw, 295px\" \/><\/p>\n<p>[\/vc_column_text][vc_empty_space height=&#8221;64px&#8221;][vc_separator border_width=&#8221;3&#8243;][vc_column_text]<\/p>\n<p style=\"text-align: center;\"><span style=\"font-size: 18pt; color: #000000;\"><strong>Eventi | Events<\/strong><\/span><\/p>\n<p>[\/vc_column_text][\/vc_column][\/vc_row][vc_row][vc_column width=&#8221;1\/4&#8243;][vc_column_text]<\/p>\n<p style=\"text-align: center;\"><span style=\"color: #000000;\"><a style=\"color: #000000;\" href=\"https:\/\/sites.les.univr.it\/fashion\/index.php\/lab-hub\/the-fashion-hub\/convegno-8-novembre-2019\/\">Convegno 8 novembre 2019<\/a><\/span><\/p>\n<p>[\/vc_column_text][\/vc_column][vc_column width=&#8221;1\/4&#8243;][vc_column_text]<\/p>\n<p style=\"text-align: center;\"><span style=\"color: #000000;\"><a style=\"color: #000000;\" href=\"https:\/\/sites.les.univr.it\/fashion\/index.php\/winter-school-diritto-e-moda\/\">Winter School &#8220;DIRITTO E MODA&#8221;<\/a><\/span><\/p>\n<p style=\"text-align: center;\">23-25 gennaio 2020<\/p>\n<p>[\/vc_column_text][\/vc_column][vc_column width=&#8221;1\/4&#8243;][vc_column_text]<\/p>\n<p style=\"text-align: center;\"><span style=\"color: #000000;\"><a style=\"color: #000000;\" href=\"https:\/\/sites.les.univr.it\/fashion\/index.php\/lab-hub\/the-fashion-hub\/convegno-14-maggio-2021\/\">Convegno 14 maggio 2021<\/a><\/span><\/p>\n<p>[\/vc_column_text][\/vc_column][vc_column width=&#8221;1\/4&#8243;][vc_column_text]<\/p>\n<p style=\"text-align: center;\"><a href=\"https:\/\/sites.les.univr.it\/fashion\/index.php\/lab-hub\/the-fashion-hub\/convegno-27-maggio-2022\/\"><span style=\"color: #000000;\">Convegno 27 maggio 2022<\/span><\/a><\/p>\n<p>[\/vc_column_text][\/vc_column][\/vc_row][vc_row][vc_column][vc_empty_space height=&#8221;64px&#8221;][vc_separator border_width=&#8221;3&#8243;][vc_column_text]<\/p>\n<p style=\"text-align: center;\"><span style=\"font-size: 18pt; color: #000000;\"><strong>Attivit\u00e0 | Activities<\/strong><\/span><\/p>\n<p>[\/vc_column_text][vc_column_text]<\/p>\n<p style=\"text-align: center;\"><strong><span style=\"font-size: 18.6667px;\">Pubblicazioni<\/span><\/strong><\/p>\n<p>in <a href=\"https:\/\/www.papersdidirittoeuropeo.eu\/fascicolo-2023-n-1\/\"><strong><em>Papers di diritto europeo<\/em>, 2023, n. 1<\/strong><\/a><\/p>\n<ul>\n<li>Diletta Danieli, <em>Piattaforme di <\/em>e-commerce<em> e contraffazione di marchi: cambi di paradigma nel regime di responsabilit\u00e0 regolato dal diritto dell\u2019Unione europea?<\/em><\/li>\n<\/ul>\n<p>&nbsp;<\/p>\n<p>in<strong><a href=\"https:\/\/www.papersdidirittoeuropeo.eu\/fascicolo-2020-n-1\/\"><em> Papers di diritto europeo, <\/em>2020, n. 1<\/a><\/strong><\/p>\n<ul>\n<li>Paolo Butturini, Veronica De Crescenzo, Veronica Polin, <em>La finanza innovativa nel settore della moda: la sfida <\/em><em>del crowdfunding tra aspetti economici e questioni giuridiche<\/em><\/li>\n<li>Chiara Tincani, <em>I sistemi logistici e il ricorso al contratto di trasporto per l\u2019elusione della disciplina del lavoro<\/em><\/li>\n<li>Cinzia Peraro, <em>La tracciabilit\u00e0 dei prodotti moda: tra tutela del \u201cMade in\u201d e libera circolazione delle merci nell\u2019Unione europea<\/em><\/li>\n<\/ul>\n<p>[\/vc_column_text][vc_column_text]<\/p>\n<p style=\"text-align: center;\"><strong><span style=\"font-size: 14pt;\">Raccolta di riferimenti bibliografici<\/span><\/strong><\/p>\n<p style=\"text-align: center;\"><a href=\"https:\/\/sites.les.univr.it\/fashion\/index.php\/bibliografia\/\">link<\/a><\/p>\n<p>[\/vc_column_text][vc_separator border_width=&#8221;3&#8243;][vc_empty_space height=&#8221;64px&#8221;][\/vc_column][\/vc_row][vc_row][vc_column width=&#8221;1\/2&#8243;][vc_column_text]<\/p>\n<h3><strong>Contesto e finalit\u00e0<\/strong><\/h3>\n<p align=\"justify\">Il <span style=\"color: #3366ff;\"><strong>Team di ricerca <em>\u201c<\/em>The Fashion HUB<em>\u201d<\/em><\/strong><\/span> intende approfondire, da una prospettiva multidisciplinare e strettamente interconnessa, le diverse tematiche giuridiche inerenti all\u2019<strong>industria della moda<\/strong>, che costituisce uno dei principali ambiti di indagine del Progetto di eccellenza \u201cDiritto, cambiamenti e tecnologie\u201d del Dipartimento di Scienze giuridiche.<\/p>\n<p align=\"justify\">L\u2019importanza di tale settore di approfondimento scientifico \u00e8 rimarcata dalle stesse <strong>istituzioni europee<\/strong> che, negli anni recenti, hanno sottolineato il ruolo del comparto moda non solo ai fini del rilancio economico europeo, ma anche della valorizzazione del patrimonio culturale dell\u2019Unione.<\/p>\n<p align=\"justify\">La <strong>DG <\/strong><strong>\u201cMercato, interno, industria, imprenditoria e PMI\u201d<\/strong> della Commissione pone il settore moda tra i propri principali ambiti di intervento, riconoscendo come le industrie tessili e di abbigliamento, calzaturiere e conciarie si trovino in una posizione strategica, a met\u00e0 strada tra creativit\u00e0, tradizione e innovazione. La Commissione incoraggia l\u2019innovazione ammettendo che la valorizzazione delle forze creative operanti nell\u2019economia \u00e8 strumento imprescindibile per consentire a tali realt\u00e0 di competere sul mercato. Allo stesso tempo, essa evidenzia come, in un\u2019economia basata sulla conoscenza, gi\u00e0 priorit\u00e0 della strategia \u201cEuropa 2020\u201d, alle cosiddette <em>creative industries<\/em> debba essere garantito un ruolo centrale, in quanto, oltre a generare importanti introiti, esse contribuiscono a preservare l\u2019identit\u00e0, la cultura e i valori europei. Ci\u00f2 riguarda <em>in primis<\/em> le imprese operanti nell\u2019ambito della moda e del lusso. Per tali ragioni, la Commissione ha lanciato diverse iniziative per rafforzarne la competitivit\u00e0, tradottesi in un <a href=\"https:\/\/ec.europa.eu\/growth\/content\/action-plan-fashion-and-high-end-industries-endorsed-london-0_en\"><em>Action Plan for Fashion and High-end Industries<\/em><\/a>, contenente misure volte a proteggere i diritti di propriet\u00e0 intellettuale, a facilitare l\u2019accesso al mercato e a stimolare l\u2019innovazione.<\/p>\n<p align=\"justify\">All\u2019interno di questo quadro generale si collocano le diverse discipline settoriali che connotano il settore oggetto dell\u2019indagine e che sono rappresentate dai <strong>docenti e collaboratori del Dipartimento di Scienze giuridiche<\/strong> che afferiscono al Team di ricerca &#8220;The Fashion HUB&#8221;. Oltre alla sottolineata <strong>prospettiva europea ed internazionale<\/strong>, fondamentali risultano i settori del <strong>diritto tributario<\/strong>, del<strong> diritto penale<\/strong>, del <strong>diritto<\/strong> <strong>dei trasporti<\/strong> e del <strong>diritto<\/strong> <strong>commerciale<\/strong>.<\/p>\n<p align=\"justify\">Ai fini del virtuoso connubio tra ricerca e impresa, ottica privilegiata del piano nazionale \u201cIndustria 4.0\u201d, il Team &#8220;The Fashion HUB&#8221; potr\u00e0 avvalersi della collaborazione gi\u00e0 instaurata dalla Referente, prof.ssa Maria Caterina Baruffi, con i rappresentanti delle realt\u00e0 imprenditoriali della Regione Veneto operanti nel settore della moda, nonch\u00e9 con docenti di Univeneto (costituito dalle Universit\u00e0 di Verona, Padova Venezia e IUAV), che attualmente fanno parte della <a href=\"https:\/\/sites.les.univr.it\/fashion\/index.php\/rirfacedesign\/\"><strong>Rete Innovativa Regionale \u201cFace Design\u201d<\/strong><\/a> (<em>Fashion Creative Enterprises and Design<\/em>). Inoltre, verranno valorizzate le collaborazioni avviate grazie al progetto Jean Monnet<strong> \u201c<a href=\"https:\/\/sites.les.univr.it\/fashion\/index.php\/univrfashionweek\/\">Univr Fashion Week \u2013 L\u2019industria della moda nell\u2019Unione europea<\/a>\u201d<\/strong>, quale quella con il Consorzio della moda.<\/p>\n<p>[\/vc_column_text][\/vc_column][vc_column width=&#8221;1\/2&#8243;][vc_column_text]<\/p>\n<h3 style=\"padding-left: 40px;\"><em><strong>Background and objectives<\/strong><\/em><\/h3>\n<p style=\"padding-left: 40px;\" align=\"justify\"><em>The <span style=\"color: #3366ff;\"><strong>Research Team &#8220;The Fashion HUB&#8221;<\/strong><\/span> intends to focus on the various legal perspectives that are connected with the <strong>fashion industry<\/strong> by implementing a multidisiciplinary approach. This sector is among those specifically identified within the Excellence Project of the Department of Law &#8220;Law, Technologies and Social Changes&#8221; with a view to studying and defining the relevant legal framework.<\/em><\/p>\n<p style=\"padding-left: 40px;\" align=\"justify\"><em>The importance of this industrial sector also for the scientific research has been clarified on various occasions by the <strong>EU institutions<\/strong>, which in the recent years have pointed out the pivotal role played by the fashion industry not only for the purposes of boosting the EU economy, but also of enhancing the cultural heritage of the EU.<\/em><\/p>\n<p style=\"padding-left: 40px;\" align=\"justify\"><em><span class=\"st\">The <strong>Commission&#8217;s Directorate-General for Internal Market, Industry, Entrepreneurship and SMEs<\/strong> places front and center the fashion industry among its main fields of action, therefore acknowledging the strategic role of textile, footwear and leather undertakings as being characterised by creativity, tradition and innovation at the same time. The Commission fosters innovation, and recognises that the leverage of creative skills is essential in order to allow these companies to be competitive in the respective markets. Also, the Commission underlines how a knowledge-based economy (already a priority in the Europe 2020 strategy) must devote specific attention to the creative industries, which are able to generate significant revenue and, additionally, to preserve the European identity, culture and values. This is particularly true for fashion and high-end industries, and the Commission has indeed launched several initiatives to support their competitiveness, which have been collected in the <a href=\"https:\/\/ec.europa.eu\/growth\/content\/action-plan-fashion-and-high-end-industries-endorsed-london-0_en\">Action plan for the fashion and high-end industries<\/a>. This plan is meant to provide measures for protecting intellectual property rights, facilitating access to finance and international markets and stimulating innovation.<\/span><\/em><\/p>\n<p style=\"padding-left: 40px;\" align=\"justify\"><em>Against this background, various legal fields are connected with the fashion industry and many of those are represented by the <strong>professors and collaborators of the Department of Law<\/strong> who are part of the Research Team &#8220;The Fashion HUB&#8221;. Besides the already mentioned <strong>EU and international<\/strong> dimension, also <strong>tax<\/strong> law, <strong>criminal<\/strong> law, <strong>transport<\/strong> law, and <strong>company<\/strong> law constitute the core disciplines around which the Team organises its activities.<\/em><\/p>\n<p style=\"padding-left: 40px;\" align=\"justify\"><em>With a view to mixing scientific research and the needs of the business community, which is the fundamental perspective of the national programme &#8220;Industria 4.0&#8221;, the Research Team &#8220;The Fashion HUB&#8221; can rely on the existing contacts between its Coordinator, Prof. Maria Caterina Baruffi, and representatives of the fashion sector from the Veneto Region, as well as with the professors who are members of Univeneto (Universities of Verona, Padua, Venice and IUAV) and currently involved in the <a href=\"https:\/\/sites.les.univr.it\/fashion\/index.php\/rirfacedesign\/\"><strong>Innovative Regional Network &#8220;Face Design&#8221;<\/strong><\/a> (Fashion Creative Enterprises and Design). Also, the cooperation with practitioners of the fashion industry (e.g. Consorzio della moda) that was established thanks to the delivery of the Jean Monnet module &#8220;<a href=\"https:\/\/sites.les.univr.it\/fashion\/index.php\/univrfashionweek\/\"><strong>Univr Fashion Week<\/strong><\/a>&#8221; is further developed.<\/em><\/p>\n<p>[\/vc_column_text][\/vc_column][\/vc_row][vc_row][vc_column width=&#8221;1\/2&#8243;][vc_column_text]<\/p>\n<h3><strong>Attivit\u00e0<\/strong><\/h3>\n<ul>\n<li>convegni scientifici e pubblicazioni a livello nazionale e internazionale,<\/li>\n<li>presentazione di progetti di ricerca sui temi oggetto delle attivit\u00e0 del Team,<\/li>\n<li>elaborazione di linee guida nazionali e sovranazionali,<\/li>\n<li>implementazione e consolidamento di reti nazionali e internazionali,<\/li>\n<li>consolidamento dei rapporti con il territorio e terza missione,<\/li>\n<li>attivit\u00e0 complementari rispetto alla didattica sui temi oggetto della ricerca, realizzata attraverso i seminari di &#8220;<a href=\"https:\/\/sites.les.univr.it\/fashion\/index.php\/lab-hub\/the-fashion-lab\/\">The Fashion LAB<\/a>&#8220;.<\/li>\n<\/ul>\n<p>[\/vc_column_text][\/vc_column][vc_column width=&#8221;1\/2&#8243;][vc_column_text]<\/p>\n<h3 style=\"padding-left: 40px;\"><em><strong>Activities<\/strong><\/em><\/h3>\n<ul>\n<li style=\"list-style-type: none;\">\n<ul>\n<li><em>scientific conferences and publications at national and international levels,<\/em><\/li>\n<li><em>submission of research projects on the topics dealt with by the Research Team,<\/em><\/li>\n<li><em>development of national and supranational guidelines,<\/em><\/li>\n<li><em>enlargement and consolidation of national and international networks,<\/em><\/li>\n<li><em>consolidation of the relationship with the local and regional entrepreneurial system, and community engagement,<\/em><\/li>\n<li><em>further activities that are complementary with the seminars organised by the Teaching Laboratory &#8220;<a href=\"https:\/\/sites.les.univr.it\/fashion\/index.php\/lab-hub\/the-fashion-lab\/\">The Fashion LAB<\/a>&#8220;.<\/em><\/li>\n<\/ul>\n<\/li>\n<\/ul>\n<p>[\/vc_column_text][\/vc_column][\/vc_row][vc_row][vc_column][vc_separator][\/vc_column][\/vc_row][vc_row][vc_column]<div class=\"section-title  text-center\" ><h4>Research Team<\/h4> <\/div>[\/vc_column][\/vc_row][vc_row][vc_column width=&#8221;1\/2&#8243;][vc_column_text]<\/p>\n<p style=\"text-align: right;\">Prof. <a href=\"https:\/\/www.dsg.univr.it\/?ent=persona&amp;id=2478\">Caterina FRATEA<\/a> (Referente scientifico | <em>Coordinator<\/em>)<\/p>\n<p style=\"text-align: right;\">Prof.ssa Maria Caterina BARUFFI (UNIBG, membro esterno)<\/p>\n<p style=\"text-align: right;\">Prof. <a href=\"https:\/\/www.dsg.univr.it\/?ent=persona&amp;id=667&amp;lang=it\">Paolo BUTTURINI<\/a><\/p>\n<p style=\"text-align: right;\">Dr. <a href=\"https:\/\/www.dsg.univr.it\/?ent=persona&amp;id=20753&amp;lang=it\">Diletta DANIELI<\/a> (Referente operativo)<\/p>\n<p style=\"text-align: right;\">Prof. <a href=\"https:\/\/www.dsg.univr.it\/?ent=persona&amp;id=3521&amp;lang=it\">Roberto FLOR<\/a><\/p>\n<p>[\/vc_column_text][\/vc_column][vc_column width=&#8221;1\/2&#8243;][vc_column_text]<\/p>\n<p style=\"text-align: left;\">Prof. <a href=\"https:\/\/www.dsg.univr.it\/?ent=persona&amp;id=250&amp;lang=it\">Sebastiano Maurizio MESSINA<\/a><\/p>\n<p style=\"text-align: left;\">Prof. <a href=\"https:\/\/www.dsg.univr.it\/?ent=persona&amp;id=4324&amp;lang=it\">Maria Grazia ORTOLEVA<\/a><\/p>\n<p style=\"text-align: left;\">Dr. Cinzia PERARO (UNIBG, membro esterno)<\/p>\n<p>Prof. <a href=\"https:\/\/www.dsg.univr.it\/?ent=persona&amp;id=3867\">Chiara TINCANI<\/a>[\/vc_column_text][\/vc_column][\/vc_row][vc_row][vc_column][vc_empty_space height=&#8221;64px&#8221;][\/vc_column][\/vc_row][vc_row][vc_column][vc_separator border_width=&#8221;5&#8243;][\/vc_column][\/vc_row][vc_row][vc_column]<div class=\"content-widget contact \" >\n\t\t\t\t\n\t\t\t\t<div class=\"widget-title\">\n\t\t\t\t\t<h4>Contacts<\/h4>\n\t\t\t\t\t<hr>\n\t\t\t\t<\/div><div class=\"contact-list\"><ul class=\"contact-details\">\n\t\t\t\t <li><i class=\"fa fa-envelope\"><\/i> <a href=\"mailto:http:\/\/fashion@ateneo.univr.it\">fashion@ateneo.univr.it<\/a><\/li>\n\t\t\t\t <li><i class=\"fa fa-phone\"><\/i>+39 045 8028827 - 47<\/li>\n\t\t\t\t <li><i class=\"fa fa-home\"><\/i>Via Carlo Montanari 9 - 37122 Verona<\/li><\/ul><\/div>\n\t\t\t<\/div>[\/vc_column][\/vc_row]<\/p>\n","protected":false},"excerpt":{"rendered":"<p>[vc_row][vc_column][vc_column_text] [\/vc_column_text][vc_empty_space height=&#8221;64px&#8221;][vc_separator border_width=&#8221;3&#8243;][vc_column_text] Eventi | Events [\/vc_column_text][\/vc_column][\/vc_row][vc_row][vc_column width=&#8221;1\/4&#8243;][vc_column_text] Convegno 8 novembre 2019 [\/vc_column_text][\/vc_column][vc_column width=&#8221;1\/4&#8243;][vc_column_text] Winter School &#8220;DIRITTO E MODA&#8221; 23-25 gennaio 2020 [\/vc_column_text][\/vc_column][vc_column width=&#8221;1\/4&#8243;][vc_column_text] Convegno 14 maggio 2021 [\/vc_column_text][\/vc_column][vc_column&hellip;<\/p>\n","protected":false},"author":4,"featured_media":0,"parent":141,"menu_order":0,"comment_status":"closed","ping_status":"closed","template":"","meta":{"footnotes":""},"class_list":["post-1885","page","type-page","status-publish","hentry"],"_links":{"self":[{"href":"https:\/\/sites.les.univr.it\/fashion\/index.php\/wp-json\/wp\/v2\/pages\/1885","targetHints":{"allow":["GET"]}}],"collection":[{"href":"https:\/\/sites.les.univr.it\/fashion\/index.php\/wp-json\/wp\/v2\/pages"}],"about":[{"href":"https:\/\/sites.les.univr.it\/fashion\/index.php\/wp-json\/wp\/v2\/types\/page"}],"author":[{"embeddable":true,"href":"https:\/\/sites.les.univr.it\/fashion\/index.php\/wp-json\/wp\/v2\/users\/4"}],"replies":[{"embeddable":true,"href":"https:\/\/sites.les.univr.it\/fashion\/index.php\/wp-json\/wp\/v2\/comments?post=1885"}],"version-history":[{"count":29,"href":"https:\/\/sites.les.univr.it\/fashion\/index.php\/wp-json\/wp\/v2\/pages\/1885\/revisions"}],"predecessor-version":[{"id":2430,"href":"https:\/\/sites.les.univr.it\/fashion\/index.php\/wp-json\/wp\/v2\/pages\/1885\/revisions\/2430"}],"up":[{"embeddable":true,"href":"https:\/\/sites.les.univr.it\/fashion\/index.php\/wp-json\/wp\/v2\/pages\/141"}],"wp:attachment":[{"href":"https:\/\/sites.les.univr.it\/fashion\/index.php\/wp-json\/wp\/v2\/media?parent=1885"}],"curies":[{"name":"wp","href":"https:\/\/api.w.org\/{rel}","templated":true}]}}