{"id":148,"date":"2016-12-27T11:06:07","date_gmt":"2016-12-27T10:06:07","guid":{"rendered":"http:\/\/13.74.184.217\/fw\/?page_id=148"},"modified":"2020-04-04T15:31:22","modified_gmt":"2020-04-04T14:31:22","slug":"attivita","status":"publish","type":"page","link":"https:\/\/sites.les.univr.it\/fashion\/index.php\/univrfashionweek\/attivita\/","title":{"rendered":"Attivit\u00e0"},"content":{"rendered":"<p>[vc_row][vc_column width=&#8221;1\/2&#8243;][vc_column_text]<\/p>\n<h3 style=\"text-align: justify;\"><strong>Attivit\u00e0 scientifiche<\/strong><\/h3>\n<p style=\"text-align: justify;\">Il progetto prevede lo svolgimento di <strong>attivit\u00e0 scientifiche<\/strong>, che hanno la finalit\u00e0 di diffondere i risultati del modulo Jean Monnet nel mondo accademico, in modalit\u00e0 <em>open access<\/em>, e quindi fruibili a chiunque sia interessato. In particolare:<\/p>\n<ul>\n<li style=\"text-align: justify;\">tramite una <span style=\"color: #800080;\"><strong>newsletter<\/strong><\/span> si intende diffondere gli eventi e le informazioni relative alla conferenza e alla Summer School;<\/li>\n<li style=\"text-align: justify;\">a seguito di ogni evento i <span style=\"color: #800080;\"><strong>materiali didattici<\/strong><\/span>, tra cui le relazioni, gli interventi e le slides delle lezioni, vengono revisionati e pubblicati per permettere una divulgazione dei contenuti e degli argomenti trattati;<\/li>\n<li style=\"text-align: justify;\">la pubblicazione sulla rivista specializzata \u201c<span style=\"color: #800080;\"><strong><em>Papers di diritto europeo<\/em><\/strong><\/span>\u201d, edita dal Centro di documentazione europea dell\u2019Universit\u00e0 degli Studi di Verona, di una <strong>edizione speciale <\/strong>mira a diffondere gli argomenti oggetto di studio trattati dai membri del <em>teaching staff<\/em> della Summer School, in cui ampio spazio viene offerto ai giovani ricercatori;<\/li>\n<li style=\"text-align: justify;\">a partire dal secondo anno del progetto, una sezione dedicata alla <span style=\"color: #800080;\"><strong>bibliografia<\/strong><\/span><em>, <\/em>in continuo aggiornamento, facilita il reperimento dei\u00a0riferimenti dottrinari e giurisprudenziali in materia di <em>fashion law<\/em>;<\/li>\n<li style=\"text-align: justify;\">infine, l\u2019elaborazione di una <span style=\"color: #800080;\"><strong>policy brief<\/strong><\/span> al termine del triennio \u00e8 volta a raccogliere i dati rilevanti, le informazioni e l\u2019analisi dei vari temi inerenti lo studio dell\u2019industria della moda nell\u2019Unione europea, su cui si sviluppa tutto il progetto, con lo scopo di individuare possibili interventi a livello locale, nazionale ed europeo e permettere il consolidarsi delle sinergie tra mondo accademico e industriale.<\/li>\n<\/ul>\n<p>[\/vc_column_text][\/vc_column][vc_column width=&#8221;1\/2&#8243;][vc_column_text]<\/p>\n<h3 style=\"padding-left: 40px;\"><em><strong>Scientific activities<\/strong><\/em><\/h3>\n<p style=\"text-align: justify; padding-left: 40px;\"><em>The Project envisages the implementation of scientific activities aimed at divulgating the results of the Jean Monnet Module not only in the academic community, but also to all interested audience. In particular:<\/em><\/p>\n<ul>\n<li style=\"list-style-type: none;\">\n<ul>\n<li><em>thanks to a periodic <span style=\"color: #800080;\"><strong>newsletter<\/strong><\/span>, events and information related to the conference and Summer School are spread;<\/em><\/li>\n<li><em>after the completion of the single event, <strong><span style=\"color: #800080;\">materials<\/span><\/strong> (presentations, slides and discussion papers) are collected and revised in order to be uploaded on the Project website and to further promote contents to a wider public;<\/em><\/li>\n<li><em>the publication of a special edition on the specialised Journal \u201c<strong><span style=\"color: #800080;\">Papers di diritto europeo<\/span><\/strong>\u201d, edited by the European Documentation Centre of the University of Verona. It is aimed at disseminating the research studies carried out by the teaching staff members of the Summer School, mainly the young academics;<\/em><\/li>\n<li><em>the collection of <strong><span style=\"color: #800080;\">bibliografical references<\/span><\/strong> aims at supplying academic community and interested public with more material on fashion law;<\/em><\/li>\n<li><em>finally, the realisation of a <strong><span style=\"color: #800080;\">policy brief<\/span><\/strong> at the completion of the three-year Project is aimed at gathering information, collecting useful data and analysing the main topics related to the fashion industry in the European Union. The purpose is to provide a comprehensive study by identifying possible area of intervention at national and European level, as well as to foster the interaction between academics and entrepreneurs.<\/em><\/li>\n<\/ul>\n<\/li>\n<\/ul>\n<p>[\/vc_column_text][\/vc_column][\/vc_row][vc_row][vc_column][vc_column_text][\/vc_column_text][vc_btn title=&#8221;Newsletter&#8221; color=&#8221;turquoise&#8221; size=&#8221;lg&#8221; link=&#8221;url:http%3A%2F%2Fsites.les.univr.it%2Ffashion%2Findex.php%2Funivrfashionweek%2Fattivita%2Fnewsletter%2F|||&#8221;][vc_btn title=&#8221;Materiali | Materials&#8221; color=&#8221;warning&#8221; size=&#8221;lg&#8221; link=&#8221;url:http%3A%2F%2Fsites.les.univr.it%2Ffashion%2Findex.php%2Funivrfashionweek%2Fattivita%2Fmateriali-didattici%2F|||&#8221;][vc_btn title=&#8221;Bibliografia | References&#8221; color=&#8221;violet&#8221; size=&#8221;lg&#8221; link=&#8221;url:http%3A%2F%2Fsites.les.univr.it%2Ffashion%2Findex.php%2Funivrfashionweek%2Fattivita%2Fbibliografia%2F|||&#8221;][vc_btn title=&#8221;Papers&#8221; color=&#8221;vista-blue&#8221; size=&#8221;lg&#8221; link=&#8221;url:http%3A%2F%2Fsites.les.univr.it%2Ffashion%2Findex.php%2Funivrfashionweek%2Fattivita%2Fpapers%2F|||&#8221;][vc_btn title=&#8221;Policy Brief&#8221; color=&#8221;sky&#8221; size=&#8221;lg&#8221; link=&#8221;url:http%3A%2F%2Fsites.les.univr.it%2Ffashion%2Findex.php%2Funivrfashionweek%2Fattivita%2Fpolicy-brief%2F|title:Policy%20Brief||&#8221;][\/vc_column][\/vc_row][vc_row][vc_column][vc_empty_space height=&#8221;64px&#8221;][vc_separator border_width=&#8221;5&#8243;][\/vc_column][\/vc_row][vc_row][vc_column]<div class=\"section-title  text-center\" ><h4>Altri eventi | Other events<\/h4> <\/div>[vc_column_text]<\/p>\n<h2 style=\"text-align: center;\"><strong><span style=\"color: #800080;\"><a style=\"color: #800080;\" href=\"https:\/\/sites.les.univr.it\/fashion\/index.php\/univrfashionweek\/jointworkshop\/\">Joint Jean Monnet Modules Workshop | Verona, 10-11 May 2018<\/a><\/span><\/strong><\/h2>\n<p>[\/vc_column_text][\/vc_column][\/vc_row]<\/p>\n","protected":false},"excerpt":{"rendered":"<p>[vc_row][vc_column width=&#8221;1\/2&#8243;][vc_column_text] Attivit\u00e0 scientifiche Il progetto prevede lo svolgimento di attivit\u00e0 scientifiche, che hanno la finalit\u00e0 di diffondere i risultati del modulo Jean Monnet nel mondo accademico, in modalit\u00e0 open&hellip;<\/p>\n","protected":false},"author":4,"featured_media":0,"parent":164,"menu_order":0,"comment_status":"closed","ping_status":"closed","template":"","meta":{"footnotes":""},"class_list":["post-148","page","type-page","status-publish","hentry"],"_links":{"self":[{"href":"https:\/\/sites.les.univr.it\/fashion\/index.php\/wp-json\/wp\/v2\/pages\/148","targetHints":{"allow":["GET"]}}],"collection":[{"href":"https:\/\/sites.les.univr.it\/fashion\/index.php\/wp-json\/wp\/v2\/pages"}],"about":[{"href":"https:\/\/sites.les.univr.it\/fashion\/index.php\/wp-json\/wp\/v2\/types\/page"}],"author":[{"embeddable":true,"href":"https:\/\/sites.les.univr.it\/fashion\/index.php\/wp-json\/wp\/v2\/users\/4"}],"replies":[{"embeddable":true,"href":"https:\/\/sites.les.univr.it\/fashion\/index.php\/wp-json\/wp\/v2\/comments?post=148"}],"version-history":[{"count":23,"href":"https:\/\/sites.les.univr.it\/fashion\/index.php\/wp-json\/wp\/v2\/pages\/148\/revisions"}],"predecessor-version":[{"id":1878,"href":"https:\/\/sites.les.univr.it\/fashion\/index.php\/wp-json\/wp\/v2\/pages\/148\/revisions\/1878"}],"up":[{"embeddable":true,"href":"https:\/\/sites.les.univr.it\/fashion\/index.php\/wp-json\/wp\/v2\/pages\/164"}],"wp:attachment":[{"href":"https:\/\/sites.les.univr.it\/fashion\/index.php\/wp-json\/wp\/v2\/media?parent=148"}],"curies":[{"name":"wp","href":"https:\/\/api.w.org\/{rel}","templated":true}]}}