{"id":145,"date":"2016-12-27T10:35:49","date_gmt":"2016-12-27T09:35:49","guid":{"rendered":"http:\/\/13.74.184.217\/fw\/?page_id=145"},"modified":"2020-12-09T17:56:38","modified_gmt":"2020-12-09T16:56:38","slug":"rirfacedesign","status":"publish","type":"page","link":"https:\/\/sites.les.univr.it\/fashion\/index.php\/rirfacedesign\/","title":{"rendered":"RIR Face Design"},"content":{"rendered":"<p>[vc_row][vc_column width=&#8221;1\/3&#8243;][vc_column_text]<\/p>\n<h3><strong>Rete Innovativa Regionale FACE Design<\/strong><\/h3>\n<p style=\"text-align: justify;\">La Rete Innovativa Regionale FACE Design (Fashion Creative Enterprises and Design) vede rappresentate aziende e centri di ricerca che si riconoscono nell\u2019ambito della specializzazione intelligente \u201c<strong>Creative Industries<\/strong>\u201d, che rientra nella strategia della Regione Veneto. Nello specifico la Rete rappresenta tutte le imprese venete che possono essere rappresentative del \u201c<strong>Made in Italy<\/strong>\u201d, cio\u00e8 tutte quelle filiere tradizionali che rientrano nella definizione del \u201cbello, ben fatto e buono\u201d. I soggetti della conoscenza coinvolti nella rete presidiano ambiti di sapere multidisciplinari e complementari. FACE Design vede infatti la presenza di Dipartimenti di tutti gli Atenei del Veneto, oltre ad altri Centri di ricerca nazionali e internazionali (<a href=\"https:\/\/www.venetoclusters.it\/area-reti-innovative-regionali\/face-design\">https:\/\/www.venetoclusters.it\/area-reti-innovative-regionali\/face-design<\/a>).<\/p>\n<p>(Segreteria amministrativa: <a href=\"https:\/\/www.politecnicocalzaturiero.it\/\">Politecnico Calzaturiero)<\/a>[\/vc_column_text][\/vc_column][vc_column width=&#8221;1\/3&#8243;][vc_column_text]<img loading=\"lazy\" decoding=\"async\" class=\"size-medium wp-image-1856 aligncenter\" src=\"https:\/\/sites.les.univr.it\/fashion\/wp-content\/uploads\/por-fesr-276x300.jpg\" alt=\"\" width=\"276\" height=\"300\" srcset=\"https:\/\/sites.les.univr.it\/fashion\/wp-content\/uploads\/por-fesr-276x300.jpg 276w, https:\/\/sites.les.univr.it\/fashion\/wp-content\/uploads\/por-fesr-768x835.jpg 768w, https:\/\/sites.les.univr.it\/fashion\/wp-content\/uploads\/por-fesr-600x652.jpg 600w, https:\/\/sites.les.univr.it\/fashion\/wp-content\/uploads\/por-fesr.jpg 905w\" sizes=\"auto, (max-width: 276px) 100vw, 276px\" \/><\/p>\n<p>&nbsp;<\/p>\n<p><img loading=\"lazy\" decoding=\"async\" class=\"aligncenter wp-image-1855\" src=\"https:\/\/sites.les.univr.it\/fashion\/wp-content\/uploads\/Creative-Industries.png\" alt=\"\" width=\"400\" height=\"253\" srcset=\"https:\/\/sites.les.univr.it\/fashion\/wp-content\/uploads\/Creative-Industries.png 350w, https:\/\/sites.les.univr.it\/fashion\/wp-content\/uploads\/Creative-Industries-300x189.png 300w\" sizes=\"auto, (max-width: 400px) 100vw, 400px\" \/>[\/vc_column_text][\/vc_column][vc_column width=&#8221;1\/3&#8243;][vc_column_text]<\/p>\n<h3><em><strong>Regional Innovative Network FACE Design<\/strong><\/em><\/h3>\n<p style=\"text-align: justify;\"><em>The Regional Innovative Network FACE Design (Fashion Creative Enterprises and Design) consists in companies, universities and research centers and falls within the smart specialization &#8220;<strong>Creative Industries<\/strong>&#8220;. The Network represents all the Veneto enterprises that create fashion products &#8220;<strong>Made in Italy<\/strong>&#8220;, that is to say all those traditional supply chains that can be defined as &#8220;beautiful, well done and good&#8221;. The subject matters covered within the Network are of multidisciplinary and complementary nature. Indeed, FACE Design includes Departments from all the Veneto universities, as well as other national and international research centers (<a href=\"https:\/\/www.venetoclusters.it\/area-reti-innovative-regionali\/face-design\">https:\/\/www.venetoclusters.it\/area-reti-innovative-regionali\/face-design<\/a>).<\/em><\/p>\n<p>[\/vc_column_text][\/vc_column][\/vc_row][vc_row][vc_column width=&#8221;1\/2&#8243;][vc_column_text]<\/p>\n<h3><strong>Progetto &#8220;Tracciabilit\u00e0, anticontraffazione e certificazione dei prodotti moda Made in Italy&#8221;<\/strong><\/h3>\n<p style=\"text-align: justify;\">Il progetto \u00e8 stato presentato dalla Rete Innovativa Regionale \u201cFACE Design\u201d, di cui l\u2019Universit\u00e0 degli Studi di Verona \u00e8 componente, ed \u00e8 co-finanziato dal \u201c<a href=\"https:\/\/bandi.regione.veneto.it\/Public\/Dettaglio?idAtto=1717\"><span style=\"color: #800000;\">POR FESR 2014-2020. Asse 1. Azione 1.1.4 \u201cSostegno alle attivit\u00e0 collaborative di R&amp;S per lo sviluppo di nuove tecnologie sostenibili, di nuovi prodotti e servizi<\/span><\/a>\u201d. Il <a href=\"https:\/\/www.dsg.univr.it\/?ent=progetto&amp;id=5344&amp;lang=it\"><strong>Dipartimento di Scienze giuridiche<\/strong><\/a>, nella persona della prof.ssa <strong>Maria Caterina Baruffi<\/strong>, \u00e8 incaricato di realizzare il <strong>Laboratorio di ricerca \u201cTracciabilit\u00e0 per l\u2019autenticit\u00e0\u201d<\/strong>, finalizzato a svolgere attivit\u00e0 di ricerca e analisi sui temi della tutela del Made in e il mercato interno nell\u2019<strong>Unione europea<\/strong>, con riguardo alle politiche dedicate alle industrie creative e al settore della moda, includendo la tutela dei consumatori e i rapporti concorrenziali tra imprese. Il programma si basa su una stretta collaborazione con le imprese partecipanti allo scopo di delineare linee guida in materia di tutela dei prodotti moda Made in Italy.<\/p>\n<p><strong>Durata<\/strong>: novembre 2017 &#8211; novembre 2020.[\/vc_column_text][\/vc_column][vc_column width=&#8221;1\/2&#8243;][vc_column_text]<\/p>\n<h3 style=\"padding-left: 40px;\"><em><strong>Project &#8220;Traceability, anti-counterfeiting and certification of fashion products Made in Italy&#8221;<\/strong><\/em><\/h3>\n<p style=\"text-align: justify; padding-left: 40px;\"><em>The project has been submitted by the Regional Innovative Network &#8220;Face Design&#8221;, of which the University of Verona is a member, and is co-funded by the &#8220;<span style=\"color: #800000;\"><a style=\"color: #800000;\" href=\"https:\/\/bandi.regione.veneto.it\/Public\/Dettaglio?idAtto=1717\">POR FESR 2014-2020. Axis 1. Action 1.1.4 &#8220;Support for collaborative R&amp;D activities for the development of new sustainable technologies, new products and services<\/a><\/span>&#8220;. The <a href=\"https:\/\/www.dsg.univr.it\/?ent=progetto&amp;id=5344&amp;lang=en\"><strong>Law Department<\/strong><\/a>, in the person of Prof. <strong>Maria Caterina Baruffi<\/strong>, is in charge of creating the <strong>Research Laboratory &#8220;Traceability for authenticity&#8221;<\/strong>, aimed at carrying out research and analysis on issues related to the legal protection of the &#8220;Made in&#8221; and the internal market in the <strong>European Union<\/strong>, with regard to the specific policies dedicated on creative industries and the fashion industry, including consumer protection and competition law. The program is based on a close interaction with the participating companies in order to outline guidelines on the protection of fashion products Made in Italy.<\/em><\/p>\n<p style=\"padding-left: 40px;\"><em><strong>Period<\/strong>: November 2017 &#8211; November 2020.<\/em><\/p>\n<p>[\/vc_column_text][\/vc_column][\/vc_row][vc_row][vc_column width=&#8221;1\/3&#8243;][vc_column_text]<\/p>\n<h3><strong>Attivit\u00e0<\/strong><\/h3>\n<ul>\n<li>ricerca e studio del quadro giuridico, legislativo e giurisprudenziale riguardante la tutela dei prodotti moda Made in Italy, con particolare attenzione al diritto dell&#8217;Unione europea e il mercato interno<\/li>\n<li>questionario destinato alle imprese su tracciabilit\u00e0 e prodotti Made in Italy<\/li>\n<li>report di analisi<\/li>\n<li>seminari\/conferenze<\/li>\n<li>pubblicazione sulla tutela dei prodotti moda Made in Italy<\/li>\n<\/ul>\n<p>[\/vc_column_text][\/vc_column][vc_column width=&#8221;1\/3&#8243;][vc_empty_space height=&#8221;64px&#8221;][vc_column_text]<img loading=\"lazy\" decoding=\"async\" class=\"aligncenter wp-image-2179 \" src=\"https:\/\/sites.les.univr.it\/fashion\/wp-content\/uploads\/RIR-progetto-LAB-1-presentazione-maggio-2019.jpg\" alt=\"\" width=\"599\" height=\"449\" srcset=\"https:\/\/sites.les.univr.it\/fashion\/wp-content\/uploads\/RIR-progetto-LAB-1-presentazione-maggio-2019.jpg 960w, https:\/\/sites.les.univr.it\/fashion\/wp-content\/uploads\/RIR-progetto-LAB-1-presentazione-maggio-2019-300x225.jpg 300w, https:\/\/sites.les.univr.it\/fashion\/wp-content\/uploads\/RIR-progetto-LAB-1-presentazione-maggio-2019-768x576.jpg 768w\" sizes=\"auto, (max-width: 599px) 100vw, 599px\" \/>[\/vc_column_text][\/vc_column][vc_column width=&#8221;1\/3&#8243;][vc_column_text]<\/p>\n<h3 style=\"padding-left: 40px;\"><em><strong>Activities<\/strong><\/em><\/h3>\n<ul>\n<li style=\"list-style-type: none;\">\n<ul>\n<li><em>research and study of the legal, legislative and jurisprudential, framework related to the protection of fashion products Made in Italy, with particular respect to EU law and the internal market<\/em><\/li>\n<li><em>questionnaire addressed to enterprises on traceability and products Made in Italy<\/em><\/li>\n<li><em>analysis report<\/em><\/li>\n<li><em>seminars\/conferences<\/em><\/li>\n<li><em>publication on the protection of fashion products Made in Italy<\/em><\/li>\n<\/ul>\n<\/li>\n<\/ul>\n<p>[\/vc_column_text][\/vc_column][\/vc_row][vc_row][vc_column][vc_empty_space][\/vc_column][\/vc_row][vc_row][vc_column width=&#8221;1\/2&#8243;]<div class=\"section-title  text-center\" ><h4>Presentazioni<\/h4> <\/div>[vc_column_text]<\/p>\n<p style=\"text-align: center;\"><span style=\"font-size: 14pt;\"><a href=\"https:\/\/sites.les.univr.it\/fashion\/wp-content\/uploads\/RIR-progetto-LAB-1-presentazione-maggio-2019.pdf\">Presentazione del laboratorio<\/a><\/span><\/p>\n<p style=\"text-align: center;\"><span style=\"font-size: 14pt;\"><a href=\"https:\/\/sites.les.univr.it\/fashion\/wp-content\/uploads\/UNIVR-DSG-incontro-27-maggio-2019-def-.pdf\">Presentazione delle ricerche 2019<\/a><\/span><\/p>\n<p style=\"text-align: center;\"><span style=\"font-size: 14pt;\"><a href=\"https:\/\/sites.les.univr.it\/fashion\/wp-content\/uploads\/Cinzia-Peraro-UNIVR_ECOMM-FASHION-luglio-2020.pdf\">Presentazione evento luglio 2020<\/a><\/span><\/p>\n<p style=\"text-align: center;\"><span style=\"font-size: 14pt;\"><a href=\"https:\/\/sites.les.univr.it\/fashion\/wp-content\/uploads\/UNIVR_webinar-29.10.2020.pdf\">Presentazione evento ottobre 2020<\/a><\/span><\/p>\n<p>[\/vc_column_text][\/vc_column][vc_column width=&#8221;1\/2&#8243;]<div class=\"section-title  text-center\" ><h4>Questionario<\/h4> <\/div>[vc_column_text]<\/p>\n<p style=\"text-align: center;\"><span style=\"font-family: georgia, palatino, serif; font-size: 14pt;\"><a href=\"https:\/\/sites.les.univr.it\/fashion\/wp-content\/uploads\/UNIVR_LAB-1-questionario.pdf\">Download pdf<\/a><\/span><\/p>\n<p style=\"text-align: center;\"><span style=\"font-family: georgia, palatino, serif; font-size: 14pt;\"><a href=\"http:\/\/survey.univr.it\/index.php\/449742?lang=it\">Online<\/a> (fino a ottobre 2020)<\/span><\/p>\n<p style=\"text-align: center;\"><span style=\"font-family: georgia, palatino, serif; font-size: 14pt;\"><a href=\"https:\/\/sites.les.univr.it\/fashion\/wp-content\/uploads\/UNIVR-DSG_Laboratorio-1_analisi-risultati-questionario.pdf\">Analisi dei risultati<\/a><\/span><\/p>\n<p>[\/vc_column_text][\/vc_column][\/vc_row][vc_row][vc_column][vc_empty_space height=&#8221;64px&#8221;]<div class=\"section-title  text-center\" ><h4>Eventi<\/h4> <\/div>[\/vc_column][\/vc_row][vc_row][vc_column width=&#8221;1\/2&#8243;][vc_column_text]<\/p>\n<p style=\"text-align: left;\"><span style=\"font-family: georgia, palatino, serif; color: #993366; font-size: 14pt;\"><a style=\"color: #993366;\" href=\"http:\/\/www.politecnicocalzaturiero.it\/gate\/modulo\/standard?openform&amp;id=7179CA5762796028C125860700339A1A\"><strong>Conferenza finale online 29 ottobre 2020<\/strong><\/a><\/span><\/p>\n<p><a href=\"http:\/\/www.politecnicocalzaturiero.it\/gate\/modulo\/standard?openform&amp;id=7179CA5762796028C125860700339A1A\"><img loading=\"lazy\" decoding=\"async\" class=\"wp-image-2116 size-medium alignleft\" src=\"https:\/\/sites.les.univr.it\/fashion\/wp-content\/uploads\/evento_Tracciabilita-300x169.jpg\" alt=\"\" width=\"300\" height=\"169\" srcset=\"https:\/\/sites.les.univr.it\/fashion\/wp-content\/uploads\/evento_Tracciabilita-300x169.jpg 300w, https:\/\/sites.les.univr.it\/fashion\/wp-content\/uploads\/evento_Tracciabilita-1024x576.jpg 1024w, https:\/\/sites.les.univr.it\/fashion\/wp-content\/uploads\/evento_Tracciabilita-768x432.jpg 768w, https:\/\/sites.les.univr.it\/fashion\/wp-content\/uploads\/evento_Tracciabilita.jpg 1280w\" sizes=\"auto, (max-width: 300px) 100vw, 300px\" \/><\/a>[\/vc_column_text][\/vc_column][vc_column width=&#8221;1\/2&#8243;][vc_column_text]<\/p>\n<p style=\"text-align: right;\"><strong><span style=\"font-size: 14pt; color: #800080;\"><a style=\"color: #800080;\" href=\"https:\/\/e-comm.events\/ecomm-fashion\/\">Conferenza online 7 luglio 2020<\/a><\/span><\/strong><\/p>\n<p><img loading=\"lazy\" decoding=\"async\" class=\"wp-image-2132 size-medium alignright\" src=\"https:\/\/sites.les.univr.it\/fashion\/wp-content\/uploads\/Ecomm-Fashion-2020-300x150.jpg\" alt=\"\" width=\"300\" height=\"150\" srcset=\"https:\/\/sites.les.univr.it\/fashion\/wp-content\/uploads\/Ecomm-Fashion-2020-300x150.jpg 300w, https:\/\/sites.les.univr.it\/fashion\/wp-content\/uploads\/Ecomm-Fashion-2020-768x384.jpg 768w, https:\/\/sites.les.univr.it\/fashion\/wp-content\/uploads\/Ecomm-Fashion-2020.jpg 958w\" sizes=\"auto, (max-width: 300px) 100vw, 300px\" \/>[\/vc_column_text][\/vc_column][\/vc_row][vc_row][vc_column][vc_empty_space height=&#8221;64px&#8221;]<div class=\"section-title  text-center\" ><h4>Pubblicazione<\/h4> <\/div>[vc_column_text]<\/p>\n<p style=\"text-align: center;\"><span style=\"font-size: 14pt;\"><em>La tracciabilit\u00e0 dei prodotti moda: tra tutela del &#8220;Made in&#8221; e libera circolazione delle merci nell\u2019Unione europea<\/em><\/span><\/p>\n<p>[\/vc_column_text][\/vc_column][\/vc_row][vc_row][vc_column][vc_empty_space height=&#8221;64px&#8221;]<div class=\"section-title  text-center\" ><h4>Attivit\u00e0 complementari<\/h4> <\/div>[\/vc_column][\/vc_row][vc_row][vc_column width=&#8221;1\/3&#8243;][vc_column_text]<span style=\"font-family: georgia, palatino, serif; font-size: 14pt;\"><a href=\"https:\/\/sites.les.univr.it\/fashion\/index.php\/lab-hub\/the-fashion-lab\/\">Seminari di The Fashion LAB<\/a><\/span>[\/vc_column_text][\/vc_column][vc_column width=&#8221;1\/3&#8243;][vc_column_text]<\/p>\n<p style=\"text-align: center;\"><span style=\"font-size: 14pt;\"><a href=\"https:\/\/sites.les.univr.it\/fashion\/index.php\/lab-hub\/the-fashion-hub\/\">Eventi di The Fashion HUB<\/a><\/span><\/p>\n<p>[\/vc_column_text][\/vc_column][vc_column width=&#8221;1\/3&#8243;][vc_column_text]<span style=\"font-size: 14pt;\"><a href=\"https:\/\/sites.les.univr.it\/fashion\/index.php\/winter-school-diritto-e-moda\/\">Winter School &#8220;Diritto e Moda&#8221;<\/a><\/span>[\/vc_column_text][\/vc_column][\/vc_row][vc_row][vc_column][vc_empty_space height=&#8221;64px&#8221;][vc_separator border_width=&#8221;5&#8243;][\/vc_column][\/vc_row][vc_row][vc_column width=&#8221;1\/2&#8243;][vc_column_text]<\/p>\n<h3><strong>Team<\/strong><\/h3>\n<h4><\/h4>\n<h4>Prof. <a href=\"https:\/\/www.dsg.univr.it\/?ent=persona&amp;id=650&amp;lang=it\">Maria Caterina Baruffi<\/a> | mariacaterina.baruffi@univr.it<\/h4>\n<h4>Dr. <a href=\"https:\/\/www.dsg.univr.it\/?ent=persona&amp;id=21232&amp;lang=it\">Cinzia Peraro<\/a> (Project Assistant) | cinzia.peraro@univr.it<\/h4>\n<p>&nbsp;<\/p>\n<p>in collaborazione con<\/p>\n<p><span style=\"color: #000080;\"><a style=\"color: #000080;\" href=\"https:\/\/www.dsg.univr.it\/?ent=grupporic&amp;id=331#tab-componenti\">Gruppo di ricerca &#8220;Unione Europea&#8221;<\/a><\/span><\/p>\n<p>&nbsp;<\/p>\n<p>[\/vc_column_text][\/vc_column][vc_column width=&#8221;1\/2&#8243;][vc_column_text]<\/p>\n<h3><strong>Contacts<\/strong><\/h3>\n<p>[\/vc_column_text]<div class=\"content-widget contact \" >\n\t\t\t\t<div class=\"contact-list\"><ul class=\"contact-details\">\n\t\t\t\t <li><i class=\"fa fa-envelope\"><\/i> <a href=\"mailto:http:\/\/fashion@ateneo.univr.it%20|%20rirfacedesign.univr@gmail.com\">fashion@ateneo.univr.it | rirfacedesign.univr@gmail.com<\/a><\/li>\n\t\t\t\t <li><i class=\"fa fa-phone\"><\/i>+39 045 8028827 - 47<\/li>\n\t\t\t\t <li><i class=\"fa fa-home\"><\/i>Via Carlo Montanari 9 - 37122 Verona<\/li><\/ul><\/div>\n\t\t\t<\/div>[\/vc_column][\/vc_row]<\/p>\n","protected":false},"excerpt":{"rendered":"<p>[vc_row][vc_column width=&#8221;1\/3&#8243;][vc_column_text] Rete Innovativa Regionale FACE Design La Rete Innovativa Regionale FACE Design (Fashion Creative Enterprises and Design) vede rappresentate aziende e centri di ricerca che si riconoscono nell\u2019ambito della&hellip;<\/p>\n","protected":false},"author":4,"featured_media":0,"parent":0,"menu_order":0,"comment_status":"closed","ping_status":"closed","template":"","meta":{"footnotes":""},"class_list":["post-145","page","type-page","status-publish","hentry"],"_links":{"self":[{"href":"https:\/\/sites.les.univr.it\/fashion\/index.php\/wp-json\/wp\/v2\/pages\/145","targetHints":{"allow":["GET"]}}],"collection":[{"href":"https:\/\/sites.les.univr.it\/fashion\/index.php\/wp-json\/wp\/v2\/pages"}],"about":[{"href":"https:\/\/sites.les.univr.it\/fashion\/index.php\/wp-json\/wp\/v2\/types\/page"}],"author":[{"embeddable":true,"href":"https:\/\/sites.les.univr.it\/fashion\/index.php\/wp-json\/wp\/v2\/users\/4"}],"replies":[{"embeddable":true,"href":"https:\/\/sites.les.univr.it\/fashion\/index.php\/wp-json\/wp\/v2\/comments?post=145"}],"version-history":[{"count":78,"href":"https:\/\/sites.les.univr.it\/fashion\/index.php\/wp-json\/wp\/v2\/pages\/145\/revisions"}],"predecessor-version":[{"id":2186,"href":"https:\/\/sites.les.univr.it\/fashion\/index.php\/wp-json\/wp\/v2\/pages\/145\/revisions\/2186"}],"wp:attachment":[{"href":"https:\/\/sites.les.univr.it\/fashion\/index.php\/wp-json\/wp\/v2\/media?parent=145"}],"curies":[{"name":"wp","href":"https:\/\/api.w.org\/{rel}","templated":true}]}}